{"id":956,"date":"2024-08-18T09:54:34","date_gmt":"2024-08-18T16:54:34","guid":{"rendered":"https:\/\/dicehockey.com\/emplacements-des-magasins-de-hockey-sur-des\/"},"modified":"2025-04-16T16:56:07","modified_gmt":"2025-04-16T23:56:07","slug":"emplacements-des-magasins-de-hockey-sur-des","status":"publish","type":"page","link":"https:\/\/dicehockey.com\/fr\/emplacements-des-magasins-de-hockey-sur-des\/","title":{"rendered":"Emplacements des magasins de hockey\u2122 sur d\u00e9s"},"content":{"rendered":"<p>[et_pb_section fb_built=\u00a0\u00bb1&Prime; _builder_version=\u00a0\u00bb4.24.2&Prime; _module_preset=\u00a0\u00bbdefault\u00a0\u00bb background_color=\u00a0\u00bb#005381&Prime; custom_margin=\u00a0\u00bb||||true|false\u00a0\u00bb custom_padding=\u00a0\u00bb20px||20px||true|false\u00a0\u00bb global_colors_info=\u00a0\u00bb{}\u00a0\u00bb][et_pb_row _builder_version=\u00a0\u00bb4.24.2&Prime; _module_preset=\u00a0\u00bbdefault\u00a0\u00bb global_colors_info=\u00a0\u00bb{}\u00a0\u00bb][et_pb_column type=\u00a0\u00bb4_4&Prime; _builder_version=\u00a0\u00bb4.24.2&Prime; _module_preset=\u00a0\u00bbdefault\u00a0\u00bb global_colors_info=\u00a0\u00bb{}\u00a0\u00bb][et_pb_text _builder_version=\u00a0\u00bb4.27.0&Prime; _module_preset=\u00a0\u00bbdefault\u00a0\u00bb header_text_color=\u00a0\u00bb#FFFFFF\u00a0\u00bb header_2_font=\u00a0\u00bb||||||||\u00a0\u00bb header_2_text_color=\u00a0\u00bb#FFFFFF\u00a0\u00bb global_colors_info=\u00a0\u00bb{}\u00a0\u00bb]<\/p>\n<h1><em><strong>Emplacements des magasins de hockey\u2122<\/strong><\/em><strong> sur d\u00e9s<\/strong><\/h1>\n<p>[\/et_pb_text][\/et_pb_column][\/et_pb_row][\/et_pb_section][et_pb_section fb_built=\u00a0\u00bb1&Prime; _builder_version=\u00a0\u00bb4.24.2&Prime; _module_preset=\u00a0\u00bbdefault\u00a0\u00bb global_colors_info=\u00a0\u00bb{}\u00a0\u00bb][et_pb_row column_structure=\u00a0\u00bb3_5,2_5&Prime; make_equal=\u00a0\u00bbon\u00a0\u00bb _builder_version=\u00a0\u00bb4.27.0&Prime; _module_preset=\u00a0\u00bbdefault\u00a0\u00bb global_colors_info=\u00a0\u00bb{}\u00a0\u00bb][et_pb_column type=\u00a0\u00bb3_5&Prime; _builder_version=\u00a0\u00bb4.27.0&Prime; _module_preset=\u00a0\u00bbdefault\u00a0\u00bb global_colors_info=\u00a0\u00bb{}\u00a0\u00bb][et_pb_text _builder_version=\u00a0\u00bb4.27.0&Prime; _module_preset=\u00a0\u00bbdefault\u00a0\u00bb global_colors_info=\u00a0\u00bb{}\u00a0\u00bb]<\/p>\n<p><strong><a href=\"https:\/\/dicehockey.com\/fr\/a-propos-de-red-brick-publishing\/\">Red Brick Publishing<\/a><\/strong> <strong>soutient et valorise les magasins de jeux ind\u00e9pendants<\/strong>.<\/p>\n<p>Trouvez <a href=\"\/\"><em><strong>D\u00e9fi de hockey\u2122 aux d\u00e9s<\/strong><\/em><\/a> dans les magasins ci-dessous. De nouveaux magasins s\u2019ajoutent presque chaque semaine! Si vous ne voyez pas votre magasin de jeux local r\u00e9pertori\u00e9 ici, veuillez lui demander de l\u2019offrir. Vous pouvez \u00e9galement acheter le jeu directement aupr\u00e8s de nous via <a href=\"https:\/\/dicehockey.myshopify.com\/products\/dice-hockey%E2%84%A2-challenge-board-game\" target=\"_blank\" rel=\"noopener\">notre boutique en ligne<\/a>.   <\/p>\n<p>[\/et_pb_text][\/et_pb_column][et_pb_column type=\u00a0\u00bb2_5&Prime; _builder_version=\u00a0\u00bb4.27.0&Prime; _module_preset=\u00a0\u00bbdefault\u00a0\u00bb custom_css_main_element=\u00a0\u00bbalign-self: center;\u00a0\u00bb global_colors_info=\u00a0\u00bb{}\u00a0\u00bb][et_pb_button button_url=\u00a0\u00bbhttps:\/\/dicehockey.myshopify.com\/products\/dice-hockey%E2%84%A2-challenge-board-game\u00a0\u00bb url_new_window=\u00a0\u00bbon\u00a0\u00bb button_text=\u00a0\u00bbAcheter Dice Hockey\u2122 en ligne\u00a0\u00bb _builder_version=\u00a0\u00bb4.27.0&Prime; _module_preset=\u00a0\u00bbdefault\u00a0\u00bb global_colors_info=\u00a0\u00bb{}\u00a0\u00bb][\/et_pb_button][\/et_pb_column][\/et_pb_row][et_pb_row _builder_version=\u00a0\u00bb4.27.0&Prime; _module_preset=\u00a0\u00bbdefault\u00a0\u00bb custom_padding=\u00a0\u00bb0px||0px||false|false\u00a0\u00bb global_colors_info=\u00a0\u00bb{}\u00a0\u00bb][et_pb_column type=\u00a0\u00bb4_4&Prime; _builder_version=\u00a0\u00bb4.27.0&Prime; _module_preset=\u00a0\u00bbdefault\u00a0\u00bb global_colors_info=\u00a0\u00bb{}\u00a0\u00bb][et_pb_text _builder_version=\u00a0\u00bb4.27.0&Prime; _module_preset=\u00a0\u00bbdefault\u00a0\u00bb global_colors_info=\u00a0\u00bb{}\u00a0\u00bb]<\/p>\n<h2>Points de vente au d\u00e9tail<\/h2>\n<p>[\/et_pb_text][\/et_pb_column][\/et_pb_row][et_pb_row column_structure=\u00a0\u00bb1_4,1_4,1_4,1_4&Prime; _builder_version=\u00a0\u00bb4.24.2&Prime; _module_preset=\u00a0\u00bbdefault\u00a0\u00bb custom_padding=\u00a0\u00bb||0px||false|false\u00a0\u00bb global_colors_info=\u00a0\u00bb{}\u00a0\u00bb][et_pb_column type=\u00a0\u00bb1_4&Prime; _builder_version=\u00a0\u00bb4.24.2&Prime; _module_preset=\u00a0\u00bbdefault\u00a0\u00bb global_colors_info=\u00a0\u00bb{}\u00a0\u00bb][et_pb_text admin_label=\u00a0\u00bbAlberta\u00a0\u00bb _builder_version=\u00a0\u00bb4.27.4&Prime; _module_preset=\u00a0\u00bbdefault\u00a0\u00bb hover_enabled=\u00a0\u00bb0&Prime; global_colors_info=\u00a0\u00bb{}\u00a0\u00bb sticky_enabled=\u00a0\u00bb0&Prime;]<\/p>\n<h3>Alberta (en)<\/h3>\n<p><strong>La gu\u00e9rite<br \/><\/strong>1835 &#8211; 10e avenue sud-ouest<br \/>Calgary (Alberta)<br \/>T\u00e9l\u00e9phone : 403 245-2121<\/p>\n<p><strong>Telus World of Science<\/strong><br \/>Edmonton (Alberta)<br \/>T\u00e9l\u00e9phone : 780 451-3344<\/p>\n<p><strong>Jeux Pe Metawe<br \/><\/strong>11805, 94e rue NW<br \/>Edmonton (Alberta)<br \/>T\u00e9l\u00e9phone : 780 613-1024<\/p>\n<p><strong>Jeux de River City<br \/><\/strong>Centre commercial West Edmonton<br \/>Edmonton (Alberta)<br \/>T\u00e9l\u00e9phone : 780 489-4416<\/p>\n<p><strong>Jeux de River City<br \/><\/strong>5203, 99e rue NW<br \/>Edmonton (Alberta)<br \/>T\u00e9l\u00e9phone : 780 438-2108<\/p>\n<p><strong>Jeux de River City<br \/><\/strong>Sherwood Park (Alberta)<br \/>T\u00e9l\u00e9phone : 780 570-1691<\/p>\n<p><strong>Nouvelles d\u2019Al<br \/><\/strong>10028, 100e avenue<br \/>Grande Prairie (Alberta)<br \/>T\u00e9l\u00e9phone : 780 532-3088<\/p>\n<p><strong>Des jeux \u00e0 gogo<br \/><\/strong>501, 1re Avenue Sud<br \/>Lethbridge (Alberta)<br \/>T\u00e9l\u00e9phone : 403 320-9780<\/p>\n<p><strong>Jeux \u00e0 gogo,<\/strong> centre commercial Medicine Hat<br \/>3292, chemin Dunmore SE<br \/>Medicine Hat (Alberta)<br \/>T\u00e9l\u00e9phone : 403 526-7213<\/p>\n<p><strong>Boox de Pandore<\/strong><br \/>5009, 51e rue<br \/>Olds (Alberta)<br \/>T\u00e9l\u00e9phone : 403 791-1337<\/p>\n<p>[\/et_pb_text][\/et_pb_column][et_pb_column type=\u00a0\u00bb1_4&Prime; _builder_version=\u00a0\u00bb4.24.2&Prime; _module_preset=\u00a0\u00bbdefault\u00a0\u00bb global_colors_info=\u00a0\u00bb{}\u00a0\u00bb][et_pb_text _builder_version=\u00a0\u00bb4.27.4&Prime; _module_preset=\u00a0\u00bbdefault\u00a0\u00bb hover_enabled=\u00a0\u00bb0&Prime; global_colors_info=\u00a0\u00bb{}\u00a0\u00bb sticky_enabled=\u00a0\u00bb0&Prime;]<\/p>\n<h3>Colombie-Britannique<\/h3>\n<p><strong>Vos jeux de mouvement &amp; Puzzles<\/strong><br \/>Courtenay (Colombie-Britannique)<br \/>T\u00e9l\u00e9phone : 250 871-0700<\/p>\n<p><strong>Jouets sages et merveilleux<\/strong><br \/>Campbell River (C.-B.)<br \/>T\u00e9l\u00e9phone : 250 287-4919<\/p>\n<p><strong>Jeux de paires \u00e0 d\u00e9s<\/strong><br \/>Campbell River (C.-B.)<br \/>T\u00e9l\u00e9phone : 250 914-0333<\/p>\n<p><strong>La boutique de jouets Red Balloon<\/strong><br \/>Duncan (Colombie-Britannique)<br \/>T\u00e9l\u00e9phone : 250 748-5545<\/p>\n<p><strong>Jeux sur le lecteur<\/strong><br \/>2946, promenade Commercial<br \/>Vancouver (C.-B.)<br \/>T\u00e9l\u00e9phone : 604 336-5535<\/p>\n<p><strong>Objets de collection de Big Pete<br \/><\/strong>121, 1re Avenue Est<br \/>North Vancouver (Colombie-Britannique)<br \/>T\u00e9l\u00e9phone : 604 983-2325<\/p>\n<p><strong>Jeux Skyhaven<\/strong><br \/>Victoria (Colombie-Britannique)<br \/>T\u00e9l\u00e9phone : 250 477-1519<\/p>\n<p><strong>Centre d\u2019accueil de Port Alberni<\/strong><br \/>Port Alberni<br \/>Bc Phone&nbsp;: 250 724-6535<\/p>\n<p><strong>Jeux Drop Zone<\/strong><br \/>Nanaimo (C.-B.)<br \/>T\u00e9l\u00e9phone : 250 758-1934<\/p>\n<p><strong>Livres de contes de sir\u00e8ne<\/strong><br \/>Tofino (Colombie-Britannique)<br \/>T\u00e9l\u00e9phone : 250 725-2125<\/p>\n<p><strong>La librairie Mulberry Bush<\/strong><br \/>Qualicum (Colombie-Britannique)<br \/>250 752-9722<\/p>\n<p><strong>Heriot Bay Inn<\/strong><br \/>673, chemin Hotel<br \/>\u00cele Quadra (C.-B.)<br \/>T\u00e9l\u00e9phone : 250 285-3322<\/p>\n<p><strong>Pharmacie Cove<\/strong><br \/>672, chemin Plaza<br \/>Quathiaski Cove (Colombie-Britannique)<br \/>T\u00e9l\u00e9phone : 250 285-2275<\/p>\n<p><strong>Livre Bonanza<\/strong><br \/>654, chemin Harper<br \/>Quathiaski Cove (Colombie-Britannique)<br \/>T\u00e9l\u00e9phone : 250 285-3665<\/p>\n<p><strong>Copper Coast Gallery &amp; Cadeaux<\/strong><br \/>1536 W Road<br \/>Heriot Bay (Colombie-Britannique)<br \/>T\u00e9l\u00e9phone : 250 285-2834<\/p>\n<p><strong>Juste 4 Amusant<\/strong><br \/>358, rue Main<br \/>Penticton (Colombie-Britannique)<br \/>T\u00e9l\u00e9phone : 236 422-0090<\/p>\n<p><strong>Tumbleweed Toys Inc.<\/strong><br \/>1201A Summit Drive<br \/>Kamloops (Colombie-Britannique)<br \/>T\u00e9l\u00e9phone : 250 372-3500<span style=\"font-weight: 400;\"><\/span><\/p>\n<p>[\/et_pb_text][\/et_pb_column][et_pb_column type=\u00a0\u00bb1_4&Prime; _builder_version=\u00a0\u00bb4.24.2&Prime; _module_preset=\u00a0\u00bbdefault\u00a0\u00bb global_colors_info=\u00a0\u00bb{}\u00a0\u00bb][et_pb_text _builder_version=\u00a0\u00bb4.27.4&Prime; _module_preset=\u00a0\u00bbdefault\u00a0\u00bb hover_enabled=\u00a0\u00bb0&Prime; global_colors_info=\u00a0\u00bb{}\u00a0\u00bb sticky_enabled=\u00a0\u00bb0&Prime;]<\/p>\n<p>&nbsp;<\/p>\n<p><strong>Le royaume des jouets &amp; La salle nerd<\/strong><br \/>190, rue Oliver<br \/>Williams Lake (Colombie-Britannique)<br \/>T\u00e9l\u00e9phone : 250 392-7079<\/p>\n<p><strong>La bo\u00eete \u00e0 jouets du Nord<\/strong><br \/>10301, unit\u00e9 C-10, rue<br \/>Dawson Creek (C.-B.)<br \/>T\u00e9l\u00e9phone : 250 782-1411<\/p>\n<p><strong>Penny\u2019s Coins, Cartes &amp; Objets de collection<\/strong><br \/>10259 &#8211; 100 Avenue<br \/>Fort. St. John (C.-B.)<br \/>T\u00e9l\u00e9phone : 250 787-7824<\/p>\n<p><strong>Le Club Evergreen<\/strong><br \/>411, avenue Anderton<br \/>Courtenay (Colombie-Britannique)<\/p>\n<p><strong>Ricky\u2019s All Day Grill<\/strong><br \/>795, chemin Ryan<br \/>Courtenay (Colombie-Britannique)<br \/>T\u00e9l\u00e9phone : 250 334-9638<\/p>\n<p><strong>Jouets Whale\u2019s Tale<br \/><\/strong>332, 5e rue<br \/>Courtenay (Colombie-Britannique)<br \/>T\u00e9l\u00e9phone : 250 338-1233<\/p>\n<p><strong>S\u00e9rigraphie Aero Arts<br \/><\/strong>#1-678, chemin Anderton<br \/>Comox (Colombie-Britannique)<br \/>T\u00e9l\u00e9phone : 250 339-6635<\/p>\n<p><span style=\"font-weight: 400;\"><strong>Le coin des cartes et les jeux<br \/><\/strong>5262, rue Argyle, Port Alberni, C.-B. T\u00e9l\u00e9phone : 778 421-0141<\/span><\/p>\n<p><span style=\"font-weight: 400;\"><strong>Chapitres Nanaimo<br \/><\/strong>6670, promenade Mary Ellen<br \/><\/span><span style=\"font-weight: 400;\">Nanaimo (Colombie-Britannique)<br \/>T\u00e9l\u00e9phone : 250 390-0380<\/span><\/p>\n<p><span style=\"font-weight: 400;\"><strong>Librairie Coles<br \/><\/strong>2751, avenue Cliffe, unit\u00e9 #1160<br \/>Courtenay (Colombie-Britannique)<br \/>T\u00e9l\u00e9phone : 250 897-3622<\/span><\/p>\n<p><span style=\"font-weight: 400;\"><strong>Jeux interdits<br \/><\/strong>142B 5e Rue<br \/>Courtenay (Colombie-Britannique)<br \/><\/span><span style=\"font-weight: 400;\">T\u00e9l\u00e9phone : 250 207-7529<\/span><\/p>\n<p><span style=\"font-weight: 400;\"><strong>\u00c9picier de campagne<br \/><\/strong>372 Bas-Gange<br \/>\u00cele Salt Spring (Colombie-Britannique)<br \/>T\u00e9l\u00e9phone : 250 538-0323<\/span><\/p>\n<p><span style=\"font-weight: 400;\"><strong>La source de Happy pour le sport<br \/><\/strong>256, 6e Rue, Courtenay (Colombie-Britannique)<br \/>T\u00e9l\u00e9phone : 250 334-4143<\/span><\/p>\n<p><span style=\"font-weight: 400;\"><strong>Kirkby\u2019s Source for Sports<br \/><\/strong>1925, chemin Bowen<br \/>Nanaimo (Colombie-Britannique)<br \/>T\u00e9l\u00e9phone : 250 585-5066<\/span><\/p>\n<p><span style=\"font-weight: 400;\"><strong>Kirkby\u2019s Source for Sports<br \/><\/strong>894, avenue Cloverdale<br \/>Victoria (Colombie-Britannique)<br \/>T\u00e9l\u00e9phones : 250 480-5030<\/span><\/p>\n<p><span style=\"font-weight: 400;\"><strong>Cadeaux Island Affair<br \/><\/strong>204-1797, avenue Comox<br \/>Comox (Colombie-Britannique)<br \/>T\u00e9l\u00e9phone : 250 941-2449<\/span><\/p>\n<p>[\/et_pb_text][\/et_pb_column][et_pb_column type=\u00a0\u00bb1_4&Prime; _builder_version=\u00a0\u00bb4.24.2&Prime; _module_preset=\u00a0\u00bbdefault\u00a0\u00bb global_colors_info=\u00a0\u00bb{}\u00a0\u00bb][et_pb_text _builder_version=\u00a0\u00bb4.27.4&Prime; _module_preset=\u00a0\u00bbdefault\u00a0\u00bb hover_enabled=\u00a0\u00bb0&Prime; global_colors_info=\u00a0\u00bb{}\u00a0\u00bb sticky_enabled=\u00a0\u00bb0&Prime;]<\/p>\n<h3>Manitoba (en)<\/h3>\n<p><strong>Jouets Toad Hall<\/strong><br \/>54, rue Arthur<br \/>Winnipeg (Manitoba)<br \/>T\u00e9l\u00e9phone : 204 956-2195<\/p>\n<p><strong>Ma\u00eetres du jouet<\/strong><br \/>Brandon (Manitoba)<br \/>T\u00e9l\u00e9phone : 431 541-2219<\/p>\n<p><span style=\"font-weight: 400;\"><strong>Janzen\u2019s Paint &amp; Decorating Ltd.<\/strong> <br \/>600, rue Centennial<br \/>Winkler (Manitoba)<br \/>T\u00e9l\u00e9phone : 204 325-8387<\/span><\/p>\n<p><span style=\"font-weight: 400;\"><strong>Janzen\u2019s Paint &amp; Decorating Ltd.<br \/><\/strong><\/span><span style=\"font-weight: 400;\">165, chemin Park Ouest<br \/>Steinbach (Manitoba)<br \/>T\u00e9l\u00e9phone : 204 326-8387<\/span><\/p>\n<p><span style=\"font-weight: 400;\"><strong>Janzen\u2019s Paint &amp; Decorating Ltd.<\/strong> <br \/>2510B Avenue du parc<br \/><\/span><span style=\"font-weight: 400;\">Brandon (Manitoba) <br \/><\/span><span style=\"font-weight: 400;\">T\u00e9l\u00e9phone : 204 727-7717<\/span><\/p>\n<p><span style=\"font-weight: 400;\"><strong>Janzen\u2019s Paint &amp; Decorating Ltd.<\/strong> <br \/>475, avenue Saskatchewan E<br \/>Portage la Prairie (Manitoba) <br \/>T\u00e9l\u00e9phone : 204 239-1411  <\/span><\/p>\n<p><span style=\"font-weight: 400;\"><strong>Janzen\u2019s Paint &amp; Decorating Ltd.<\/strong> <br \/>5-1400, avenue Sargent<br \/>Winnipeg (Manitoba) <br \/>T\u00e9l\u00e9phone : 204 783-5976<\/span> <\/p>\n<p>&nbsp;<\/p>\n<h3>Terre-Neuve<\/h3>\n<p><strong>Jeux Midgard<\/strong><br \/>7, avenue du Commonwealth<br \/>Mont Pearl (Terre-Neuve-et-Labrador)<br \/>T\u00e9l\u00e9phone : 709 745-5052<\/p>\n<p>&nbsp;<\/p>\n<h3>Nouvelle-\u00c9cosse<\/h3>\n<p><strong>Le caf\u00e9 de jeu de la salle de conseil<\/strong><br \/>1256, rue Barington<br \/>Halifax (N.-\u00c9.)<br \/>T\u00e9l\u00e9phone : 902 423-7545<\/p>\n<p>&nbsp;<\/p>\n<h3>L\u2019Ontario<\/h3>\n<p><strong>Temple de la renomm\u00e9e du hockey<\/strong><br \/>Toronto (Ontario)<br \/>T\u00e9l\u00e9phone : 416 933-8247<\/p>\n<p><strong>Livres et compagnie<\/strong><br \/>289, rue Main<br \/>Picton (Ontario)<br \/>T\u00e9l\u00e9phone : 613 476-3037<\/p>\n<p><strong>Carlito\u2019s Game Cafe<\/strong><br \/>Thunder Bay (Ontario)<br \/>T\u00e9l\u00e9phone : 807 577-5410<\/p>\n<p><strong>Jack et Stella<\/strong><br \/>1004, chemin Bala Falls<br \/>Bala (Ontario)<br \/>T\u00e9l\u00e9phone : 519 282-8515<\/p>\n<p><strong>Mus\u00e9e du lac des Bois<\/strong><br \/>Kenora (Ontario)<br \/>T\u00e9l\u00e9phone : 807 467-2105<\/p>\n<p><strong>Jeux de North Bay<\/strong><br \/>179, rue Main Ouest<br \/>North Bay (Ontario)<br \/>T\u00e9l\u00e9phone : 705-476-2008<\/p>\n<p><strong>La boutique de jouets<\/strong><br \/>180, rue Charlotte<br \/>Peterborough (Ontario)<br \/>705-742-6294<\/p>\n<p>&nbsp;<\/p>\n<h3>\u00cele-du-Prince-\u00c9douard<\/h3>\n<p><strong>Owls Hollow<\/strong><br \/>95, promenade Capital<br \/>Charlottetown (\u00cele-du-Prince-\u00c9douard)<br \/>T\u00e9l\u00e9phone : 902-894-8800<\/p>\n<p>&nbsp;<\/p>\n<h3>Yukon (en)<\/h3>\n<p><strong>Titan Gaming &amp; Objets de collection<\/strong><br \/>Whitehorse (Yukon)<br \/>T\u00e9l\u00e9phone : 867 668-5750<\/p>\n<p>[\/et_pb_text][\/et_pb_column][\/et_pb_row][\/et_pb_section]<\/p>\n","protected":false},"excerpt":{"rendered":"<p>Emplacements des magasins de hockey\u2122 sur d\u00e9sRed Brick Publishing soutient et valorise les magasins de jeux ind\u00e9pendants. Trouvez D\u00e9fi de hockey\u2122 aux d\u00e9s dans les magasins ci-dessous. De nouveaux magasins s\u2019ajoutent presque chaque semaine! Si vous ne voyez pas votre magasin de jeux local r\u00e9pertori\u00e9 ici, veuillez lui demander de l\u2019offrir. Vous pouvez \u00e9galement acheter [&hellip;]<\/p>\n","protected":false},"author":1,"featured_media":326,"parent":0,"menu_order":0,"comment_status":"closed","ping_status":"closed","template":"","meta":{"_et_pb_use_builder":"on","_et_pb_old_content":"","_et_gb_content_width":"","footnotes":""},"class_list":["post-956","page","type-page","status-publish","has-post-thumbnail","hentry"],"_links":{"self":[{"href":"https:\/\/dicehockey.com\/fr\/wp-json\/wp\/v2\/pages\/956","targetHints":{"allow":["GET"]}}],"collection":[{"href":"https:\/\/dicehockey.com\/fr\/wp-json\/wp\/v2\/pages"}],"about":[{"href":"https:\/\/dicehockey.com\/fr\/wp-json\/wp\/v2\/types\/page"}],"author":[{"embeddable":true,"href":"https:\/\/dicehockey.com\/fr\/wp-json\/wp\/v2\/users\/1"}],"replies":[{"embeddable":true,"href":"https:\/\/dicehockey.com\/fr\/wp-json\/wp\/v2\/comments?post=956"}],"version-history":[{"count":12,"href":"https:\/\/dicehockey.com\/fr\/wp-json\/wp\/v2\/pages\/956\/revisions"}],"predecessor-version":[{"id":1158,"href":"https:\/\/dicehockey.com\/fr\/wp-json\/wp\/v2\/pages\/956\/revisions\/1158"}],"wp:featuredmedia":[{"embeddable":true,"href":"https:\/\/dicehockey.com\/fr\/wp-json\/wp\/v2\/media\/326"}],"wp:attachment":[{"href":"https:\/\/dicehockey.com\/fr\/wp-json\/wp\/v2\/media?parent=956"}],"curies":[{"name":"wp","href":"https:\/\/api.w.org\/{rel}","templated":true}]}}