{"id":137,"date":"2024-02-24T21:20:08","date_gmt":"2024-02-25T05:20:08","guid":{"rendered":"https:\/\/dicehockey.com\/politique-de-confidentialite\/"},"modified":"2024-03-27T17:56:27","modified_gmt":"2024-03-28T00:56:27","slug":"politique-de-confidentialite","status":"publish","type":"page","link":"https:\/\/dicehockey.com\/fr\/politique-de-confidentialite\/","title":{"rendered":"Politique de confidentialit\u00e9"},"content":{"rendered":"<p>[et_pb_section fb_built=\u00a0\u00bb1&Prime; admin_label=\u00a0\u00bbsection\u00a0\u00bb _builder_version=\u00a0\u00bb4.16&Prime; global_colors_info=\u00a0\u00bb{}\u00a0\u00bb][et_pb_row admin_label=\u00a0\u00bbligne\u00a0\u00bb _builder_version=\u00a0\u00bb4.16&Prime; background_size=\u00a0\u00bbinitial\u00a0\u00bb background_position=\u00a0\u00bbtop_left\u00a0\u00bb background_repeat=\u00a0\u00bbrepeat\u00a0\u00bb global_colors_info=\u00a0\u00bb{}\u00a0\u00bb][et_pb_column type=\u00a0\u00bb4_4&Prime; _builder_version=\u00a0\u00bb4.16&Prime; custom_padding=\u00a0\u00bb|||\u00a0\u00bb global_colors_info=\u00a0\u00bb{}\u00a0\u00bb custom_padding__hover=\u00a0\u00bb|||\u00a0\u00bb][et_pb_text admin_label=\u00a0\u00bbText\u00a0\u00bb _builder_version=\u00a0\u00bb4.16&Prime; background_size=\u00a0\u00bbinitial\u00a0\u00bb background_position=\u00a0\u00bbtop_left\u00a0\u00bb background_repeat=\u00a0\u00bbrepeat\u00a0\u00bb global_colors_info=\u00a0\u00bb{}\u00a0\u00bb]<\/p>\n<p>\n\n<h2 class=\"wp-block-heading\">Qui sommes-nous ?<\/h2>\n<p><\/p><\/p>\n<p>\n\n<p>L\u2019adresse de notre site Web est la suivante : http:\/\/dicehockey.com.<\/p>\n<p><\/p><\/p>\n<p>\n\n<h2 class=\"wp-block-heading\">Commentaires<\/h2>\n<p><\/p><\/p>\n<p>\n\n<p>Ce site Web n\u2019utilise pas de commentaires.<\/p>\n<p><\/p><\/p>\n<p>\n\n<h2 class=\"wp-block-heading\">Les m\u00e9dias<\/h2>\n<p><\/p><\/p>\n<p>\n\n<p>Ce site Web n\u2019autorise pas le t\u00e9l\u00e9chargement de m\u00e9dias.<\/p>\n<p><\/p><\/p>\n<p>\n\n<h2 class=\"wp-block-heading\">Cookies<\/h2>\n<p><\/p><\/p>\n<p>\n\n<p>Ce site Web utilise le plugin WPML pour fournir une version fran\u00e7aise. WPML utilise des cookies pour identifier la langue actuelle du visiteur, la derni\u00e8re langue visit\u00e9e et la langue des utilisateurs qui se sont connect\u00e9s. Pendant que vous utilisez le plugin, WPML partagera des donn\u00e9es concernant le site via Installer. Aucune donn\u00e9e de l\u2019utilisateur lui-m\u00eame ne sera partag\u00e9e.<\/p>\n<p><\/p><\/p>\n<p>\n\n<p>Ce site Web utilise le plugin Google Site Kit, qui d\u00e9finit des cookies pour suivre les habitudes de visite et d\u2019utilisation du site Web. Nous utilisons ces donn\u00e9es pour am\u00e9liorer l\u2019exp\u00e9rience utilisateur du site Web et pour \u00e9clairer les d\u00e9cisions de vente et de marketing des produits.<\/p>\n<p><\/p><\/p>\n<p>\n\n<h2 class=\"wp-block-heading\">Contenu int\u00e9gr\u00e9 d&rsquo;autres sites web<\/h2>\n<p><\/p><\/p>\n<p>\n\n<p><strong class=\"privacy-policy-tutorial\"> <\/strong>Les articles sur ce site peuvent inclure du contenu int\u00e9gr\u00e9 (par exemple, des vid\u00e9os, des images, des articles, etc.). Le contenu int\u00e9gr\u00e9 d\u2019autres sites Web se comporte exactement de la m\u00eame mani\u00e8re que si le visiteur avait visit\u00e9 l\u2019autre site Web.<\/p>\n<p><\/p><\/p>\n<p>\n\n<p>Ces sites web peuvent collecter des donn\u00e9es vous concernant, utiliser des cookies, int\u00e9grer un suivi suppl\u00e9mentaire par des tiers et contr\u00f4ler votre interaction avec ce contenu int\u00e9gr\u00e9, y compris votre interaction avec le contenu int\u00e9gr\u00e9 si vous avez un compte et que vous \u00eates connect\u00e9 \u00e0 ce site web.<\/p>\n<p><\/p><\/p>\n<p>\n\n<h2 class=\"wp-block-heading\">Avec qui nous partageons vos donn\u00e9es<\/h2>\n<p><\/p><\/p>\n<p>\n\n<p>Ce site Web ne partage pas vos donn\u00e9es.<\/p>\n<p>Les achats sont achemin\u00e9s vers une vitrine Shopify. Si vous effectuez un achat, veuillez consulter les politiques suppl\u00e9mentaires sur la vitrine Shopify.<\/p>\n<p><\/p><\/p>\n<p>\n\n<h2 class=\"wp-block-heading\">Dur\u00e9e de conservation des donn\u00e9es<\/h2>\n<p><\/p><\/p>\n<p>\n\n<p>Si vous utilisez le formulaire de contact, les donn\u00e9es que vous nous soumettez par son interm\u00e9diaire seront utilis\u00e9es pour fournir une r\u00e9ponse \u00e0 toute demande que vous faites, et peuvent \u00eatre conserv\u00e9es pour un suivi futur.<\/p>\n<p>Les achats sont achemin\u00e9s vers une vitrine Shopify. Si vous effectuez un achat, veuillez consulter les politiques suppl\u00e9mentaires sur la vitrine Shopify.<\/p><\/p>\n<p>\n\n<p><\/p><\/p>\n<p>\n\n<h2 class=\"wp-block-heading\">Quels sont les droits dont vous disposez sur vos donn\u00e9es ?<\/h2>\n<p><\/p><\/p>\n<p>\n\n<p>Vous pouvez nous demander d\u2019effacer toutes les donn\u00e9es personnelles que nous d\u00e9tenons \u00e0 votre sujet. Cela n\u2019inclut pas les donn\u00e9es que nous sommes tenus de conserver \u00e0 des fins administratives, juridiques ou de s\u00e9curit\u00e9.<\/p>\n<p><\/p><\/p>\n<p>\n\n<h2 class=\"wp-block-heading\">O\u00f9 vos donn\u00e9es sont-elles envoy\u00e9es ?<\/h2>\n<p><\/p><\/p>\n<p>\n\n<p>Si vous utilisez le formulaire de contact, les informations que vous y entrez nous seront envoy\u00e9es par e-mail.<br\/><br\/><\/p>\n<p>Les achats sont achemin\u00e9s vers une vitrine Shopify. Si vous effectuez un achat, veuillez consulter les politiques suppl\u00e9mentaires sur la vitrine Shopify.<\/p>\n<p><\/p><\/p>\n<p>[\/et_pb_text][\/et_pb_column][\/et_pb_row][\/et_pb_section]<\/p>\n","protected":false},"excerpt":{"rendered":"<p>Qui sommes-nous ? L\u2019adresse de notre site Web est la suivante : http:\/\/dicehockey.com. Commentaires Ce site Web n\u2019utilise pas de commentaires. Les m\u00e9dias Ce site Web n\u2019autorise pas le t\u00e9l\u00e9chargement de m\u00e9dias. Cookies Ce site Web utilise le plugin WPML pour fournir une version fran\u00e7aise. WPML utilise des cookies pour identifier la langue actuelle du [&hellip;]<\/p>\n","protected":false},"author":1,"featured_media":0,"parent":0,"menu_order":0,"comment_status":"closed","ping_status":"closed","template":"","meta":{"_et_pb_use_builder":"on","_et_pb_old_content":"","_et_gb_content_width":"","footnotes":""},"class_list":["post-137","page","type-page","status-publish","hentry"],"_links":{"self":[{"href":"https:\/\/dicehockey.com\/fr\/wp-json\/wp\/v2\/pages\/137","targetHints":{"allow":["GET"]}}],"collection":[{"href":"https:\/\/dicehockey.com\/fr\/wp-json\/wp\/v2\/pages"}],"about":[{"href":"https:\/\/dicehockey.com\/fr\/wp-json\/wp\/v2\/types\/page"}],"author":[{"embeddable":true,"href":"https:\/\/dicehockey.com\/fr\/wp-json\/wp\/v2\/users\/1"}],"replies":[{"embeddable":true,"href":"https:\/\/dicehockey.com\/fr\/wp-json\/wp\/v2\/comments?post=137"}],"version-history":[{"count":2,"href":"https:\/\/dicehockey.com\/fr\/wp-json\/wp\/v2\/pages\/137\/revisions"}],"predecessor-version":[{"id":279,"href":"https:\/\/dicehockey.com\/fr\/wp-json\/wp\/v2\/pages\/137\/revisions\/279"}],"wp:attachment":[{"href":"https:\/\/dicehockey.com\/fr\/wp-json\/wp\/v2\/media?parent=137"}],"curies":[{"name":"wp","href":"https:\/\/api.w.org\/{rel}","templated":true}]}}