{"id":134,"date":"2024-03-07T23:34:23","date_gmt":"2024-03-08T07:34:23","guid":{"rendered":"https:\/\/dicehockey.com\/le-hockey-sur-des-est-produit-de-maniere-durable\/"},"modified":"2025-04-16T16:56:00","modified_gmt":"2025-04-16T23:56:00","slug":"le-hockey-sur-des-est-produit-de-maniere-durable","status":"publish","type":"page","link":"https:\/\/dicehockey.com\/fr\/le-hockey-sur-des-est-produit-de-maniere-durable\/","title":{"rendered":"Le hockey sur d\u00e9s est produit de mani\u00e8re durable"},"content":{"rendered":"<p>[et_pb_section fb_built=\u00a0\u00bb1&Prime; _builder_version=\u00a0\u00bb4.24.2&Prime; _module_preset=\u00a0\u00bbdefault\u00a0\u00bb background_color=\u00a0\u00bb#005381&Prime; custom_margin=\u00a0\u00bb||||true|false\u00a0\u00bb custom_padding=\u00a0\u00bb20px||20px||true|false\u00a0\u00bb global_colors_info=\u00a0\u00bb{}\u00a0\u00bb][et_pb_row _builder_version=\u00a0\u00bb4.24.2&Prime; _module_preset=\u00a0\u00bbdefault\u00a0\u00bb global_colors_info=\u00a0\u00bb{}\u00a0\u00bb][et_pb_column type=\u00a0\u00bb4_4&Prime; _builder_version=\u00a0\u00bb4.24.2&Prime; _module_preset=\u00a0\u00bbdefault\u00a0\u00bb global_colors_info=\u00a0\u00bb{}\u00a0\u00bb][et_pb_text _builder_version=\u00a0\u00bb4.24.2&Prime; _module_preset=\u00a0\u00bbdefault\u00a0\u00bb header_text_color=\u00a0\u00bb#FFFFFF\u00a0\u00bb header_2_font=\u00a0\u00bb||||||||\u00a0\u00bb header_2_text_color=\u00a0\u00bb#FFFFFF\u00a0\u00bb hover_enabled=\u00a0\u00bb0&Prime; global_colors_info=\u00a0\u00bb{}\u00a0\u00bb sticky_enabled=\u00a0\u00bb0&Prime;]<\/p>\n<h1><em><br \/>\n  <strong>Dice Hockey\u2122<\/strong><br \/>\n<\/em> est produit de mani\u00e8re durable<\/h1>\n<p>[\/et_pb_text][\/et_pb_column][\/et_pb_row][\/et_pb_section][et_pb_section fb_built=\u00a0\u00bb1&Prime; _builder_version=\u00a0\u00bb4.24.2&Prime; _module_preset=\u00a0\u00bbdefault\u00a0\u00bb custom_padding=\u00a0\u00bb||||false|false\u00a0\u00bb global_colors_info=\u00a0\u00bb{}\u00a0\u00bb][et_pb_row column_structure=\u00a0\u00bb1_2,1_2&Prime; _builder_version=\u00a0\u00bb4.24.2&Prime; _module_preset=\u00a0\u00bbdefault\u00a0\u00bb custom_padding=\u00a0\u00bb||0px||false|false\u00a0\u00bb global_colors_info=\u00a0\u00bb{}\u00a0\u00bb][et_pb_column type=\u00a0\u00bb1_2&Prime; _builder_version=\u00a0\u00bb4.24.2&Prime; _module_preset=\u00a0\u00bbdefault\u00a0\u00bb global_colors_info=\u00a0\u00bb{}\u00a0\u00bb][et_pb_image src=\u00a0\u00bbhttp:\/\/dicehockey.com\/wp-content\/uploads\/2024\/03\/WeCare_greenWhiteBG.webp\u00a0\u00bb alt=\u00a0\u00bbLogo : Fabriqu\u00e9 par Ludo Fact, une entreprise neutre en carbone &#8211; We Care &#8211; Made in Germany\u00a0\u00bb _builder_version=\u00a0\u00bb4.24.2&Prime; _module_preset=\u00a0\u00bbdefault\u00a0\u00bb global_colors_info=\u00a0\u00bb{}\u00a0\u00bb][\/et_pb_image][\/et_pb_column][et_pb_column type=\u00a0\u00bb1_2&Prime; _builder_version=\u00a0\u00bb4.24.2&Prime; _module_preset=\u00a0\u00bbdefault\u00a0\u00bb global_colors_info=\u00a0\u00bb{}\u00a0\u00bb][et_pb_text _builder_version=\u00a0\u00bb4.24.2&Prime; _module_preset=\u00a0\u00bbdefault\u00a0\u00bb global_colors_info=\u00a0\u00bb{}\u00a0\u00bb]<\/p>\n<p>Nous avons reconnu la n\u00e9cessit\u00e9 d&rsquo;essayer de r\u00e9duire les \u00e9missions de gaz \u00e0 effet de serre et de prot\u00e9ger l&rsquo;environnement en produisant un jeu de soci\u00e9t\u00e9 aussi \u00e9cologique que possible.<\/p>\n<p>Nous avons cherch\u00e9 dans le monde entier un fabricant de jeux qui soit soucieux de l&rsquo;environnement et qui op\u00e8re de mani\u00e8re durable, responsable et \u00e9cologique. Nous avons choisi de travailler avec <strong><br \/>\n  <a href=\"https:\/\/ludofact.de\/en\/sustainability-quality\/ludo-fact-goes-green\/\" target=\"_blank\" rel=\"noopener\">Ludo Fact<\/a><br \/>\n<\/strong> dont l&rsquo;usine principale est situ\u00e9e \u00e0 Jettingen-Scheppach, en Allemagne. Cette entreprise est pionni\u00e8re dans le domaine de la production d&rsquo;\u00e9lectricit\u00e9 neutre en carbone et g\u00e9n\u00e8re 70 % de ses besoins en \u00e9lectricit\u00e9 dans son usine principale \u00e0 l&rsquo;aide d&rsquo;\u00e9nergie verte.<\/p>\n<p>L&rsquo;entreprise travaille avec des fournisseurs de papier respectueux de l&rsquo;environnement et utilise du carton contenant le pourcentage le plus \u00e9lev\u00e9 possible de mat\u00e9riaux recycl\u00e9s afin de contribuer \u00e0 la pr\u00e9servation des ressources et \u00e0 la r\u00e9duction des co\u00fbts \u00e9nerg\u00e9tiques. Les \u00e9l\u00e9ments du plateau de jeu sont en bois plut\u00f4t qu&rsquo;en plastique et proviennent de for\u00eats g\u00e9r\u00e9es durablement.<\/p>\n<p><a href=\"https:\/\/ludofact.de\/en\/sustainability-quality\/ludo-fact-goes-green\/\" target=\"_blank\" rel=\"noopener\">En savoir plus sur l&rsquo;engagement de Ludo Fact en mati\u00e8re de gestion de l&rsquo;environnement.<\/a><\/p>\n<p>[\/et_pb_text][\/et_pb_column][\/et_pb_row][\/et_pb_section]<\/p>\n","protected":false},"excerpt":{"rendered":"<p>Dice Hockey\u2122 est produit de mani\u00e8re durableNous avons reconnu la n\u00e9cessit\u00e9 d&rsquo;essayer de r\u00e9duire les \u00e9missions de gaz \u00e0 effet de serre et de prot\u00e9ger l&rsquo;environnement en produisant un jeu de soci\u00e9t\u00e9 aussi \u00e9cologique que possible. Nous avons cherch\u00e9 dans le monde entier un fabricant de jeux qui soit soucieux de l&rsquo;environnement et qui op\u00e8re [&hellip;]<\/p>\n","protected":false},"author":1,"featured_media":0,"parent":0,"menu_order":0,"comment_status":"closed","ping_status":"closed","template":"","meta":{"_et_pb_use_builder":"on","_et_pb_old_content":"","_et_gb_content_width":"","footnotes":""},"class_list":["post-134","page","type-page","status-publish","hentry"],"_links":{"self":[{"href":"https:\/\/dicehockey.com\/fr\/wp-json\/wp\/v2\/pages\/134","targetHints":{"allow":["GET"]}}],"collection":[{"href":"https:\/\/dicehockey.com\/fr\/wp-json\/wp\/v2\/pages"}],"about":[{"href":"https:\/\/dicehockey.com\/fr\/wp-json\/wp\/v2\/types\/page"}],"author":[{"embeddable":true,"href":"https:\/\/dicehockey.com\/fr\/wp-json\/wp\/v2\/users\/1"}],"replies":[{"embeddable":true,"href":"https:\/\/dicehockey.com\/fr\/wp-json\/wp\/v2\/comments?post=134"}],"version-history":[{"count":11,"href":"https:\/\/dicehockey.com\/fr\/wp-json\/wp\/v2\/pages\/134\/revisions"}],"predecessor-version":[{"id":1151,"href":"https:\/\/dicehockey.com\/fr\/wp-json\/wp\/v2\/pages\/134\/revisions\/1151"}],"wp:attachment":[{"href":"https:\/\/dicehockey.com\/fr\/wp-json\/wp\/v2\/media?parent=134"}],"curies":[{"name":"wp","href":"https:\/\/api.w.org\/{rel}","templated":true}]}}