{"id":1142,"date":"2024-04-03T18:01:58","date_gmt":"2024-04-04T01:01:58","guid":{"rendered":"https:\/\/dicehockey.com\/a-propos-de-red-brick-publishing-2\/"},"modified":"2025-04-16T16:56:00","modified_gmt":"2025-04-16T23:56:00","slug":"a-propos-de-red-brick-publishing-2","status":"publish","type":"page","link":"https:\/\/dicehockey.com\/fr\/a-propos-de-red-brick-publishing-2\/","title":{"rendered":"\u00c0 propos de Red Brick Publishing"},"content":{"rendered":"<p>[et_pb_section fb_built=\u00a0\u00bb1&Prime; _builder_version=\u00a0\u00bb4.24.2&Prime; _module_preset=\u00a0\u00bbdefault\u00a0\u00bb background_color=\u00a0\u00bb#005381&Prime; custom_margin=\u00a0\u00bb||||true|false\u00a0\u00bb custom_padding=\u00a0\u00bb20px||20px||true|false\u00a0\u00bb global_colors_info=\u00a0\u00bb{}\u00a0\u00bb][et_pb_row _builder_version=\u00a0\u00bb4.24.2&Prime; _module_preset=\u00a0\u00bbdefault\u00a0\u00bb global_colors_info=\u00a0\u00bb{}\u00a0\u00bb][et_pb_column type=\u00a0\u00bb4_4&Prime; _builder_version=\u00a0\u00bb4.24.2&Prime; _module_preset=\u00a0\u00bbdefault\u00a0\u00bb global_colors_info=\u00a0\u00bb{}\u00a0\u00bb][et_pb_text _builder_version=\u00a0\u00bb4.24.2&Prime; _module_preset=\u00a0\u00bbdefault\u00a0\u00bb header_text_color=\u00a0\u00bb#FFFFFF\u00a0\u00bb header_2_font=\u00a0\u00bb||||||||\u00a0\u00bb header_2_text_color=\u00a0\u00bb#FFFFFF\u00a0\u00bb global_colors_info=\u00a0\u00bb{}\u00a0\u00bb]<\/p>\n<h1>\u00c0 propos de Red Brick Publishing<\/h1>\n<p>[\/et_pb_text][\/et_pb_column][\/et_pb_row][\/et_pb_section][et_pb_section fb_built=\u00a0\u00bb1&Prime; _builder_version=\u00a0\u00bb4.24.2&Prime; _module_preset=\u00a0\u00bbdefault\u00a0\u00bb global_colors_info=\u00a0\u00bb{}\u00a0\u00bb][et_pb_row column_structure=\u00a0\u00bb1_2,1_2&Prime; _builder_version=\u00a0\u00bb4.24.2&Prime; _module_preset=\u00a0\u00bbdefault\u00a0\u00bb custom_padding=\u00a0\u00bb||0px||false|false\u00a0\u00bb global_colors_info=\u00a0\u00bb{}\u00a0\u00bb][et_pb_column type=\u00a0\u00bb1_2&Prime; _builder_version=\u00a0\u00bb4.24.2&Prime; _module_preset=\u00a0\u00bbdefault\u00a0\u00bb global_colors_info=\u00a0\u00bb{}\u00a0\u00bb][et_pb_image src=\u00a0\u00bbhttp:\/\/dicehockey.com\/wp-content\/uploads\/2024\/03\/Dice-Hockey-playtesting-2-1024&#215;662.webp\u00a0\u00bb alt=\u00a0\u00bbLes concepteurs de Dice Hockey, David et Anne, s\u2019amusent avec Herb, le testeur principal du jeu.\u00a0\u00bb show_bottom_space=\u00a0\u00bboff\u00a0\u00bb disabled_on=\u00a0\u00bboff|off|on\u00a0\u00bb _builder_version=\u00a0\u00bb4.24.2&Prime; _module_preset=\u00a0\u00bbdefault\u00a0\u00bb global_colors_info=\u00a0\u00bb{}\u00a0\u00bb][\/et_pb_image][et_pb_text disabled_on=\u00a0\u00bboff|off|on\u00a0\u00bb _builder_version=\u00a0\u00bb4.24.2&Prime; _module_preset=\u00a0\u00bbdefault\u00a0\u00bb global_colors_info=\u00a0\u00bb{}\u00a0\u00bb]<\/p>\n<p style=\"text-align: center;\"><span style=\"color: #808080;\"><em>Les concepteurs <strong>de Dice Hockey\u2122<\/strong> David et Anne appr\u00e9cient le jeu avec le meneur de jeu Herb<\/em><\/span><\/p>\n<p>[\/et_pb_text][et_pb_text _builder_version=\u00a0\u00bb4.24.2&Prime; _module_preset=\u00a0\u00bbdefault\u00a0\u00bb global_colors_info=\u00a0\u00bb{}\u00a0\u00bb]<\/p>\n<p><strong>Red Brick Publishing<\/strong> est le distributeur du jeu <strong><a href=\"https:\/\/dicehockey.com\/\">de Dice Hockey<\/a>\u2122<\/strong> et de toutes les marchandises futures associ\u00e9es au jeu.<\/p>\n<p>Le jeu de <strong>Dice Hockey<\/strong> a \u00e9t\u00e9 cr\u00e9\u00e9 et con\u00e7u par les Canadiens <strong>David Leverton<\/strong> et <strong>Anne Doyle<\/strong>, et s\u2019inspire du sport d\u2019hiver national du Canada. Les diff\u00e9rents formats de joueurs sont con\u00e7us pour \u00eatre inclusifs, coop\u00e9ratifs, \u00e9ducatifs, comp\u00e9titifs et amusants \u00e0 jouer. Toute personne de plus de 10 ans appr\u00e9ciera de combiner la pens\u00e9e strat\u00e9gique et la planification habile avec la nature dynamique des lois de probabilit\u00e9 et l\u2019\u00e9l\u00e9ment s\u00e9culaire de la chance.  <\/p>\n<p>Comme tant de jeunes Canadiens, David a pris son premier b\u00e2ton de hockey et a lac\u00e9 une paire de patins \u00e0 un tr\u00e8s jeune \u00e2ge. Pendant les mois d\u2019hiver, il jouait au hockey dans l\u2019ar\u00e9na local, sur un \u00e9tang gel\u00e9 ou devant sa maison. Anne n\u2019a jamais jou\u00e9 au hockey, mais a \u00e9t\u00e9 une artiste en herbe d\u00e8s son plus jeune \u00e2ge qui a transform\u00e9 son amour de l\u2019art en une profession \u00e0 vie.  <\/p>\n<p>La combinaison des talents artistiques d\u2019Anne et de la compr\u00e9hension qu\u2019a David du hockey est l\u2019impulsion derri\u00e8re le d\u00e9veloppement de ce nouveau jeu passionnant. Quiconque est un fan de hockey ou int\u00e9ress\u00e9 \u00e0 en apprendre davantage sur le sport appr\u00e9ciera de jouer au jeu. <\/p>\n<p>Le jeu est actuellement disponible au Canada et devrait sortir aux \u00c9tats-Unis et en Europe. <a href=\"https:\/\/dicehockey.com\/fr\/contacter-dice-hockey\/\">Contactez-nous<\/a> pour plus d\u2019informations sur les ventes et la distribution.<\/p>\n<p>[\/et_pb_text][\/et_pb_column][et_pb_column type=\u00a0\u00bb1_2&Prime; _builder_version=\u00a0\u00bb4.24.2&Prime; _module_preset=\u00a0\u00bbdefault\u00a0\u00bb global_colors_info=\u00a0\u00bb{}\u00a0\u00bb][et_pb_image src=\u00a0\u00bbhttp:\/\/dicehockey.com\/wp-content\/uploads\/2024\/03\/Dice-Hockey-playtesting-2-1024&#215;662.webp\u00a0\u00bb alt=\u00a0\u00bbLes concepteurs de Dice Hockey, David et Anne, s\u2019amusent avec Herb, le testeur principal du jeu.\u00a0\u00bb show_bottom_space=\u00a0\u00bboff\u00a0\u00bb disabled_on=\u00a0\u00bbon|on|off\u00a0\u00bb _builder_version=\u00a0\u00bb4.24.2&Prime; _module_preset=\u00a0\u00bbdefault\u00a0\u00bb global_colors_info=\u00a0\u00bb{}\u00a0\u00bb][\/et_pb_image][et_pb_text disabled_on=\u00a0\u00bbon|on|off\u00a0\u00bb _builder_version=\u00a0\u00bb4.24.2&Prime; _module_preset=\u00a0\u00bbdefault\u00a0\u00bb global_colors_info=\u00a0\u00bb{}\u00a0\u00bb]<\/p>\n<p style=\"text-align: center;\"><span style=\"color: #808080;\"><em>Les concepteurs <strong>de Dice Hockey\u2122<\/strong> David et Anne appr\u00e9cient le jeu avec le meneur de jeu Herb<\/em><\/span><\/p>\n<p>[\/et_pb_text][\/et_pb_column][\/et_pb_row][\/et_pb_section]<\/p>\n","protected":false},"excerpt":{"rendered":"<p>\u00c0 propos de Red Brick PublishingLes concepteurs de Dice Hockey\u2122 David et Anne appr\u00e9cient le jeu avec le meneur de jeu HerbRed Brick Publishing est le distributeur du jeu de Dice Hockey\u2122 et de toutes les marchandises futures associ\u00e9es au jeu. Le jeu de Dice Hockey a \u00e9t\u00e9 cr\u00e9\u00e9 et con\u00e7u par les Canadiens David [&hellip;]<\/p>\n","protected":false},"author":1,"featured_media":0,"parent":0,"menu_order":0,"comment_status":"closed","ping_status":"closed","template":"","meta":{"_et_pb_use_builder":"on","_et_pb_old_content":"","_et_gb_content_width":"","footnotes":""},"class_list":["post-1142","page","type-page","status-publish","hentry"],"_links":{"self":[{"href":"https:\/\/dicehockey.com\/fr\/wp-json\/wp\/v2\/pages\/1142","targetHints":{"allow":["GET"]}}],"collection":[{"href":"https:\/\/dicehockey.com\/fr\/wp-json\/wp\/v2\/pages"}],"about":[{"href":"https:\/\/dicehockey.com\/fr\/wp-json\/wp\/v2\/types\/page"}],"author":[{"embeddable":true,"href":"https:\/\/dicehockey.com\/fr\/wp-json\/wp\/v2\/users\/1"}],"replies":[{"embeddable":true,"href":"https:\/\/dicehockey.com\/fr\/wp-json\/wp\/v2\/comments?post=1142"}],"version-history":[{"count":2,"href":"https:\/\/dicehockey.com\/fr\/wp-json\/wp\/v2\/pages\/1142\/revisions"}],"predecessor-version":[{"id":1150,"href":"https:\/\/dicehockey.com\/fr\/wp-json\/wp\/v2\/pages\/1142\/revisions\/1150"}],"wp:attachment":[{"href":"https:\/\/dicehockey.com\/fr\/wp-json\/wp\/v2\/media?parent=1142"}],"curies":[{"name":"wp","href":"https:\/\/api.w.org\/{rel}","templated":true}]}}